{"id":894,"date":"2024-08-30T16:01:33","date_gmt":"2024-08-30T14:01:33","guid":{"rendered":"https:\/\/www.cerp.be\/?page_id=894"},"modified":"2026-01-22T12:25:03","modified_gmt":"2026-01-22T10:25:03","slug":"qui-sommes-nous","status":"publish","type":"page","link":"https:\/\/www.cerp.be\/fr\/cerp-une-offre-de-services-complete\/qui-sommes-nous\/","title":{"rendered":"Qui sommes nous ?"},"content":{"rendered":"\n<figure class=\"wp-block-image size-full\"><img loading=\"lazy\" decoding=\"async\" width=\"1920\" height=\"485\" data-lazy-src=\"https:\/\/www.cerp.be\/uploads\/2025\/10\/banniere-proximite-1920-x-485-px-1.png\" src=\"data:image\/gif;base64,R0lGODlhAQABAIAAAAAAAP\/\/\/ywAAAAAAQABAAACAUwAOw==\" alt=\"\" class=\"wp-image-1271\" style=\"object-fit:cover\" data-lazy-srcset=\"https:\/\/www.cerp.be\/uploads\/2025\/10\/banniere-proximite-1920-x-485-px-1.png 1920w, https:\/\/www.cerp.be\/uploads\/2025\/10\/banniere-proximite-1920-x-485-px-1-300x76.png 300w, https:\/\/www.cerp.be\/uploads\/2025\/10\/banniere-proximite-1920-x-485-px-1-1024x259.png 1024w, https:\/\/www.cerp.be\/uploads\/2025\/10\/banniere-proximite-1920-x-485-px-1-768x194.png 768w, https:\/\/www.cerp.be\/uploads\/2025\/10\/banniere-proximite-1920-x-485-px-1-1536x388.png 1536w\" sizes=\"auto, (max-width: 1920px) 100vw, 1920px\" \/><\/figure>\n\n\n\n<div style=\"height:2rem\" aria-hidden=\"true\" class=\"wp-block-spacer\"><\/div>\n\n\n\n<div class=\"wp-block-group container is-layout-constrained wp-block-group-is-layout-constrained\">\n\n<div class=\"citation\">\n    <svg class=\"citation-quote\" xmlns=\"http:\/\/www.w3.org\/2000\/svg\" width=\"56.306\" height=\"49.268\" viewBox=\"0 0 56.306 49.268\">\n        <path class=\"quote cls-1\" d=\"M49.268,53.115H42.229V50.475a6.162,6.162,0,0,1,6.158-6.158h1.76a4.4,4.4,0,0,0,4.4-4.4V36.4a4.4,4.4,0,0,0-4.4-4.4h-1.76A18.5,18.5,0,0,0,29.912,50.475V74.229a7.045,7.045,0,0,0,7.038,7.038H49.268a7.045,7.045,0,0,0,7.038-7.038V60.153A7.045,7.045,0,0,0,49.268,53.115Zm3.519,21.115a3.515,3.515,0,0,1-3.519,3.519H36.951a3.515,3.515,0,0,1-3.519-3.519V50.475A14.958,14.958,0,0,1,48.388,35.519h1.76a.882.882,0,0,1,.88.88v3.519a.882.882,0,0,1-.88.88h-1.76a9.678,9.678,0,0,0-9.678,9.678v6.158H49.268a3.515,3.515,0,0,1,3.519,3.519ZM19.355,53.115H12.317V50.475a6.162,6.162,0,0,1,6.158-6.158h1.76a4.4,4.4,0,0,0,4.4-4.4V36.4a4.4,4.4,0,0,0-4.4-4.4h-1.76A18.5,18.5,0,0,0,0,50.475V74.229a7.045,7.045,0,0,0,7.038,7.038H19.355a7.045,7.045,0,0,0,7.038-7.038V60.153A7.045,7.045,0,0,0,19.355,53.115Zm3.519,21.115a3.515,3.515,0,0,1-3.519,3.519H7.038a3.515,3.515,0,0,1-3.519-3.519V50.475A14.958,14.958,0,0,1,18.475,35.519h1.76a.882.882,0,0,1,.88.88v3.519a.882.882,0,0,1-.88.88h-1.76A9.678,9.678,0,0,0,8.8,50.475v6.158H19.355a3.515,3.515,0,0,1,3.519,3.519Z\" transform=\"translate(0 -32)\" \/>\n    <\/svg>\n    <p class=\"citation-text\">Filiale de la soci\u00e9t\u00e9 fran\u00e7aise CERP, CERP BELGIUM est un grossiste r\u00e9partiteur, acteur cl\u00e9 dans la cha\u00eene de distribution pharmaceutique en Belgique. L\u2019esprit coop\u00e9ratif se trouve au centre de notre fonctionnement.<\/p>\n<\/div>\n\n\n<div style=\"height:2rem\" aria-hidden=\"true\" class=\"wp-block-spacer\"><\/div>\n\n\n\n<figure class=\"wp-block-image size-large is-resized style-svg no-lazy check-visible\"><img decoding=\"async\"  alt=\"\" class=\"wp-image-1323\" style=\"width:1024px;height:auto\" width=\"1024\" data-lazy-src=\"https:\/\/www.cerp.be\/uploads\/2026\/01\/cerp-be-chiffres-2026-fr.svg\" src=\"data:image\/gif;base64,R0lGODlhAQABAIAAAAAAAP\/\/\/ywAAAAAAQABAAACAUwAOw==\" \/><\/figure>\n\n\n\n<ul class=\"wp-block-list\">\n<li><strong>Un service de proximit\u00e9.<\/strong>&nbsp;Avec 4 agences (Anderlecht, Courcelles, Haren et Tournai), CERP BELGIUM est reconnue par ses clients pour sa proximit\u00e9 g\u00e9ographique et humaine avec 3 tourn\u00e9es par jour. Une \u00e9quipe de t\u00e9l\u00e9phonistes assure un accueil personnalis\u00e9 et professionnel dans chaque agence.<\/li>\n<\/ul>\n\n\n\n<ul class=\"wp-block-list\">\n<li><strong>Une cha\u00eene&nbsp;du froid performante.<\/strong>&nbsp;Des technologies innovantes garantissent un acheminement des produits thermosensibles de haute qualit\u00e9 depuis les laboratoires fabricants jusqu\u2019\u00e0 l\u2019officine.<\/li>\n<\/ul>\n\n\n\n<ul class=\"wp-block-list\">\n<li><strong>Des partenariats avantageux avec les laboratoires.&nbsp;<\/strong>CERP BELGIUM passe des accords avec les laboratoires pour vous faire b\u00e9n\u00e9ficier de conditions commerciales tr\u00e8s avantageuses.<\/li>\n<\/ul>\n\n\n\n<ul class=\"wp-block-list\">\n<li><strong>Des services pour optimiser les performances de l\u2019officine.&nbsp;<\/strong>Soucieux de pr\u00e9server le mod\u00e8le de la pharmacie lib\u00e9rale et ind\u00e9pendante, CERP SA d\u00e9veloppe un \u00e9ventail de services compl\u00e9mentaires qui r\u00e9pond \u00e0 vos besoins pour le d\u00e9veloppement de votre officine : le d\u00e9veloppement commercial de la pharmacie, l\u2019animation du point de vente, le merchandising, la formation.<\/li>\n<\/ul>\n\n\n\n<div style=\"height:29px\" aria-hidden=\"true\" class=\"wp-block-spacer\"><\/div>\n\n\n\n<h2 class=\"wp-block-heading\"><strong>Nos activit\u00e9s sont organis\u00e9es autour de 4 p\u00f4les sp\u00e9cialis\u00e9s :<\/strong><\/h2>\n\n\n\n<div style=\"height:1.5rem\" aria-hidden=\"true\" class=\"wp-block-spacer\"><\/div>\n<\/div>\n\n\n\n<div class=\"wp-block-group container groupe-qsn is-layout-constrained wp-block-group-is-layout-constrained\">\n<div class=\"wp-block-group is-layout-constrained wp-block-group-is-layout-constrained\">\n<figure class=\"wp-block-image size-large is-resized\"><img loading=\"lazy\" decoding=\"async\"  alt=\"\" class=\"wp-image-937\" style=\"object-fit:cover;width:542px;height:150px\" width=\"542\" height=\"150\" data-lazy-src=\"https:\/\/www.cerp.be\/uploads\/2024\/08\/Visuel-repartition-1.svg\" src=\"data:image\/gif;base64,R0lGODlhAQABAIAAAAAAAP\/\/\/ywAAAAAAQABAAACAUwAOw==\" \/><\/figure>\n\n\n\n<p><strong>L\u2019optimisation de l\u2019approvisionnement de votre officine<\/strong><\/p>\n\n\n\n<ul class=\"wp-block-list\">\n<li>Expertise logistique au service de la sant\u00e9 publique<\/li>\n\n\n\n<li>Livraisons dans les meilleurs d\u00e9lais sur tout le territoire<\/li>\n\n\n\n<li>Cha\u00eene du froid garantie, un imp\u00e9ratif absolu<\/li>\n\n\n\n<li>R\u00e9assort automatique : une sp\u00e9cificit\u00e9 CERP BELGIUM<\/li>\n<\/ul>\n<\/div>\n\n\n\n<div class=\"wp-block-group is-layout-constrained wp-block-group-is-layout-constrained\">\n<figure class=\"wp-block-image size-large\"><img loading=\"lazy\" decoding=\"async\" width=\"542\" height=\"150\"  alt=\"\" class=\"wp-image-1048\" style=\"object-fit:cover\"\/ data-lazy-src=\"https:\/\/www.cerp.be\/uploads\/2024\/09\/Visuels-site-Qui-sommes-nous-.svg\" src=\"data:image\/gif;base64,R0lGODlhAQABAIAAAAAAAP\/\/\/ywAAAAAAQABAAACAUwAOw==\" \/><\/figure>\n\n\n\n<p><strong>Des solutions pour l\u2019accompagnement de vos patients dans leur parcours de soins<\/strong><\/p>\n\n\n\n<ul class=\"wp-block-list\">\n<li>Fid\u00e9lisation et d\u00e9veloppement de votre patient\u00e8le<\/li>\n\n\n\n<li>Augmentation du chiffre d&rsquo;affaires global de votre officine<\/li>\n\n\n\n<li>D\u00e9veloppement de votre r\u00f4le d&rsquo;acteur de sant\u00e9 majeur sur un march\u00e9 porteur<\/li>\n<\/ul>\n<\/div>\n\n\n\n<div class=\"wp-block-group is-layout-constrained wp-block-group-is-layout-constrained\">\n<figure class=\"wp-block-image size-large is-resized\"><img loading=\"lazy\" decoding=\"async\"  alt=\"\" class=\"wp-image-942\" style=\"object-fit:cover;width:542px;height:150px\" width=\"542\" height=\"150\" data-lazy-src=\"https:\/\/www.cerp.be\/uploads\/2024\/08\/visuel-services.svg\" src=\"data:image\/gif;base64,R0lGODlhAQABAIAAAAAAAP\/\/\/ywAAAAAAQABAAACAUwAOw==\" \/><\/figure>\n\n\n\n<p><strong>Des solutions pour accro\u00eetre la performance de votre officine<\/strong><\/p>\n\n\n\n<ul class=\"wp-block-list\">\n<li>D\u00e9veloppement commercial de votre pharmacie <\/li>\n\n\n\n<li>Animation de votre point de vente <\/li>\n\n\n\n<li>Accompagnement merchandising<\/li>\n\n\n\n<li>Formation<\/li>\n<\/ul>\n<\/div>\n\n\n\n<div class=\"wp-block-group is-layout-constrained wp-block-group-is-layout-constrained\">\n<figure class=\"wp-block-image size-large is-resized\"><img loading=\"lazy\" decoding=\"async\"  alt=\"\" class=\"wp-image-944\" style=\"object-fit:cover;width:542px;height:150px\" width=\"542\" height=\"150\" data-lazy-src=\"https:\/\/www.cerp.be\/uploads\/2024\/08\/Visuel-reseau.svg\" src=\"data:image\/gif;base64,R0lGODlhAQABAIAAAAAAAP\/\/\/ywAAAAAAQABAAACAUwAOw==\" \/><\/figure>\n\n\n\n<p><strong>Santalis : un accompagnement dans la gestion dynamique de votre officine pour que vous puissiez vous consacrer pleinement \u00e0 votre mission de sant\u00e9 publique<\/strong><\/p>\n\n\n\n<ul class=\"wp-block-list\">\n<li>Optimisation de vos achats<\/li>\n\n\n\n<li>Accompagnement par des sp\u00e9cialistes<\/li>\n\n\n\n<li>Stimulation de vos ventes<\/li>\n<\/ul>\n\n\n\n<div class=\"wp-block-group is-layout-constrained wp-block-group-is-layout-constrained\">\n<p><a href=\"https:\/\/pharmaciescc.clicandcollect.santalis.be\/nos-pharmacies-clic-and-collect\/\">D\u00e9couvrez Santalis<\/a><\/p>\n<\/div>\n<\/div>\n<\/div>\n\n\n\n<div style=\"height:2rem\" aria-hidden=\"true\" class=\"wp-block-spacer\"><\/div>\n\n\n\n<aside class=\"wp-block-group bloc-nos-solutions has-white-color has-primary-background-color has-text-color has-background has-link-color wp-elements-7bd3526ad4ee7cabe5538cd5f78e92ee is-layout-constrained wp-block-group-is-layout-constrained\">\n<h2 class=\"wp-block-heading has-text-align-center container h1\">Vous souhaitez d\u00e9couvrir nos solutions&nbsp;?<\/h2>\n\n\n\n<hr class=\"wp-block-separator has-alpha-channel-opacity horizontal-connector\"\/>\n\n\n\n<div class=\"wp-block-buttons container is-content-justification-center is-layout-flex wp-container-core-buttons-is-layout-a89b3969 wp-block-buttons-is-layout-flex\">\n<div class=\"wp-block-button\"><a class=\"wp-block-button__link has-text-align-center wp-element-button\" href=\"https:\/\/www.cerp.be\/fr\/nos-solutions\/\">Explorer nos solutions<\/a><\/div>\n<\/div>\n<\/aside>\n","protected":false},"excerpt":{"rendered":"<p>Nos activit\u00e9s sont organis\u00e9es autour de 4 p\u00f4les sp\u00e9cialis\u00e9s : L\u2019optimisation de l\u2019approvisionnement de votre officine Des solutions pour l\u2019accompagnement de vos patients dans leur parcours de soins Des solutions pour accro\u00eetre la performance de votre officine Santalis : un accompagnement dans la gestion dynamique de votre officine pour que vous puissiez vous consacrer pleinement [&hellip;]<\/p>\n","protected":false},"author":5,"featured_media":0,"parent":2,"menu_order":0,"comment_status":"closed","ping_status":"closed","template":"","meta":{"_acf_changed":false,"inline_featured_image":false,"footnotes":""},"class_list":["post-894","page","type-page","status-publish","hentry"],"acf":[],"yoast_head":"<!-- This site is optimized with the Yoast SEO plugin v27.4 - https:\/\/yoast.com\/product\/yoast-seo-wordpress\/ -->\n<title>Qui sommes nous ? - CERP Belgique<\/title>\n<meta name=\"description\" content=\"Qui sommes nous ? - CERP Belgique\" \/>\n<meta name=\"robots\" content=\"index, follow, max-snippet:-1, max-image-preview:large, max-video-preview:-1\" \/>\n<link rel=\"canonical\" href=\"https:\/\/www.cerp.be\/fr\/cerp-une-offre-de-services-complete\/qui-sommes-nous\/\" \/>\n<meta property=\"og:locale\" content=\"fr_FR\" \/>\n<meta property=\"og:type\" content=\"article\" \/>\n<meta property=\"og:title\" content=\"Qui sommes nous ? - CERP Belgique\" \/>\n<meta property=\"og:description\" content=\"Qui sommes nous ? - CERP Belgique\" \/>\n<meta property=\"og:url\" content=\"https:\/\/www.cerp.be\/fr\/cerp-une-offre-de-services-complete\/qui-sommes-nous\/\" \/>\n<meta property=\"og:site_name\" content=\"CERP Belgique\" \/>\n<meta property=\"article:modified_time\" content=\"2026-01-22T10:25:03+00:00\" \/>\n<meta property=\"og:image\" content=\"https:\/\/www.cerp.be\/uploads\/2025\/10\/banniere-proximite-1920-x-485-px-1.png\" \/>\n<meta name=\"twitter:card\" content=\"summary_large_image\" \/>\n<meta name=\"twitter:label1\" content=\"Est. reading time\" \/>\n\t<meta name=\"twitter:data1\" content=\"3 minutes\" \/>\n<script type=\"application\/ld+json\" class=\"yoast-schema-graph\">{\"@context\":\"https:\\\/\\\/schema.org\",\"@graph\":[{\"@type\":\"WebPage\",\"@id\":\"https:\\\/\\\/www.cerp.be\\\/fr\\\/cerp-une-offre-de-services-complete\\\/qui-sommes-nous\\\/\",\"url\":\"https:\\\/\\\/www.cerp.be\\\/fr\\\/cerp-une-offre-de-services-complete\\\/qui-sommes-nous\\\/\",\"name\":\"Qui sommes nous ? - CERP Belgique\",\"isPartOf\":{\"@id\":\"https:\\\/\\\/www.cerp.be\\\/fr\\\/#website\"},\"primaryImageOfPage\":{\"@id\":\"https:\\\/\\\/www.cerp.be\\\/fr\\\/cerp-une-offre-de-services-complete\\\/qui-sommes-nous\\\/#primaryimage\"},\"image\":{\"@id\":\"https:\\\/\\\/www.cerp.be\\\/fr\\\/cerp-une-offre-de-services-complete\\\/qui-sommes-nous\\\/#primaryimage\"},\"thumbnailUrl\":\"https:\\\/\\\/www.cerp.be\\\/uploads\\\/2025\\\/10\\\/banniere-proximite-1920-x-485-px-1.png\",\"datePublished\":\"2024-08-30T14:01:33+00:00\",\"dateModified\":\"2026-01-22T10:25:03+00:00\",\"description\":\"Qui sommes nous ? - CERP Belgique\",\"breadcrumb\":{\"@id\":\"https:\\\/\\\/www.cerp.be\\\/fr\\\/cerp-une-offre-de-services-complete\\\/qui-sommes-nous\\\/#breadcrumb\"},\"inLanguage\":\"fr-FR\",\"potentialAction\":[{\"@type\":\"ReadAction\",\"target\":[\"https:\\\/\\\/www.cerp.be\\\/fr\\\/cerp-une-offre-de-services-complete\\\/qui-sommes-nous\\\/\"]}]},{\"@type\":\"ImageObject\",\"inLanguage\":\"fr-FR\",\"@id\":\"https:\\\/\\\/www.cerp.be\\\/fr\\\/cerp-une-offre-de-services-complete\\\/qui-sommes-nous\\\/#primaryimage\",\"url\":\"https:\\\/\\\/www.cerp.be\\\/uploads\\\/2025\\\/10\\\/banniere-proximite-1920-x-485-px-1.png\",\"contentUrl\":\"https:\\\/\\\/www.cerp.be\\\/uploads\\\/2025\\\/10\\\/banniere-proximite-1920-x-485-px-1.png\"},{\"@type\":\"BreadcrumbList\",\"@id\":\"https:\\\/\\\/www.cerp.be\\\/fr\\\/cerp-une-offre-de-services-complete\\\/qui-sommes-nous\\\/#breadcrumb\",\"itemListElement\":[{\"@type\":\"ListItem\",\"position\":1,\"name\":\"Home\",\"item\":\"https:\\\/\\\/www.cerp.be\\\/fr\\\/\"},{\"@type\":\"ListItem\",\"position\":2,\"name\":\"CERP BELGIUM, une offre de services compl\u00e8te pour le d\u00e9veloppement de l&rsquo;officine !\",\"item\":\"https:\\\/\\\/www.cerp.be\\\/fr\\\/\"},{\"@type\":\"ListItem\",\"position\":3,\"name\":\"Qui sommes nous ?\"}]},{\"@type\":\"WebSite\",\"@id\":\"https:\\\/\\\/www.cerp.be\\\/fr\\\/#website\",\"url\":\"https:\\\/\\\/www.cerp.be\\\/fr\\\/\",\"name\":\"CERP Belgique\",\"description\":\"\",\"publisher\":{\"@id\":\"https:\\\/\\\/www.cerp.be\\\/fr\\\/#organization\"},\"alternateName\":\"CERPB\",\"potentialAction\":[{\"@type\":\"SearchAction\",\"target\":{\"@type\":\"EntryPoint\",\"urlTemplate\":\"https:\\\/\\\/www.cerp.be\\\/fr\\\/?s={search_term_string}\"},\"query-input\":{\"@type\":\"PropertyValueSpecification\",\"valueRequired\":true,\"valueName\":\"search_term_string\"}}],\"inLanguage\":\"fr-FR\"},{\"@type\":\"Organization\",\"@id\":\"https:\\\/\\\/www.cerp.be\\\/fr\\\/#organization\",\"name\":\"CERP Belgique\",\"url\":\"https:\\\/\\\/www.cerp.be\\\/fr\\\/\",\"logo\":{\"@type\":\"ImageObject\",\"inLanguage\":\"fr-FR\",\"@id\":\"https:\\\/\\\/www.cerp.be\\\/fr\\\/#\\\/schema\\\/logo\\\/image\\\/\",\"url\":\"https:\\\/\\\/www.cerp.be\\\/app\\\/uploads\\\/2024\\\/06\\\/astera-fleur.svg\",\"contentUrl\":\"https:\\\/\\\/www.cerp.be\\\/app\\\/uploads\\\/2024\\\/06\\\/astera-fleur.svg\",\"width\":\"1024\",\"height\":\"1024\",\"caption\":\"CERP Belgique\"},\"image\":{\"@id\":\"https:\\\/\\\/www.cerp.be\\\/fr\\\/#\\\/schema\\\/logo\\\/image\\\/\"}}]}<\/script>\n<!-- \/ Yoast SEO plugin. -->","yoast_head_json":{"title":"Qui sommes nous ? - CERP Belgique","description":"Qui sommes nous ? - CERP Belgique","robots":{"index":"index","follow":"follow","max-snippet":"max-snippet:-1","max-image-preview":"max-image-preview:large","max-video-preview":"max-video-preview:-1"},"canonical":"https:\/\/www.cerp.be\/fr\/cerp-une-offre-de-services-complete\/qui-sommes-nous\/","og_locale":"fr_FR","og_type":"article","og_title":"Qui sommes nous ? - CERP Belgique","og_description":"Qui sommes nous ? - CERP Belgique","og_url":"https:\/\/www.cerp.be\/fr\/cerp-une-offre-de-services-complete\/qui-sommes-nous\/","og_site_name":"CERP Belgique","article_modified_time":"2026-01-22T10:25:03+00:00","og_image":[{"url":"https:\/\/www.cerp.be\/uploads\/2025\/10\/banniere-proximite-1920-x-485-px-1.png","type":"","width":"","height":""}],"twitter_card":"summary_large_image","twitter_misc":{"Est. reading time":"3 minutes"},"schema":{"@context":"https:\/\/schema.org","@graph":[{"@type":"WebPage","@id":"https:\/\/www.cerp.be\/fr\/cerp-une-offre-de-services-complete\/qui-sommes-nous\/","url":"https:\/\/www.cerp.be\/fr\/cerp-une-offre-de-services-complete\/qui-sommes-nous\/","name":"Qui sommes nous ? - CERP Belgique","isPartOf":{"@id":"https:\/\/www.cerp.be\/fr\/#website"},"primaryImageOfPage":{"@id":"https:\/\/www.cerp.be\/fr\/cerp-une-offre-de-services-complete\/qui-sommes-nous\/#primaryimage"},"image":{"@id":"https:\/\/www.cerp.be\/fr\/cerp-une-offre-de-services-complete\/qui-sommes-nous\/#primaryimage"},"thumbnailUrl":"https:\/\/www.cerp.be\/uploads\/2025\/10\/banniere-proximite-1920-x-485-px-1.png","datePublished":"2024-08-30T14:01:33+00:00","dateModified":"2026-01-22T10:25:03+00:00","description":"Qui sommes nous ? - CERP Belgique","breadcrumb":{"@id":"https:\/\/www.cerp.be\/fr\/cerp-une-offre-de-services-complete\/qui-sommes-nous\/#breadcrumb"},"inLanguage":"fr-FR","potentialAction":[{"@type":"ReadAction","target":["https:\/\/www.cerp.be\/fr\/cerp-une-offre-de-services-complete\/qui-sommes-nous\/"]}]},{"@type":"ImageObject","inLanguage":"fr-FR","@id":"https:\/\/www.cerp.be\/fr\/cerp-une-offre-de-services-complete\/qui-sommes-nous\/#primaryimage","url":"https:\/\/www.cerp.be\/uploads\/2025\/10\/banniere-proximite-1920-x-485-px-1.png","contentUrl":"https:\/\/www.cerp.be\/uploads\/2025\/10\/banniere-proximite-1920-x-485-px-1.png"},{"@type":"BreadcrumbList","@id":"https:\/\/www.cerp.be\/fr\/cerp-une-offre-de-services-complete\/qui-sommes-nous\/#breadcrumb","itemListElement":[{"@type":"ListItem","position":1,"name":"Home","item":"https:\/\/www.cerp.be\/fr\/"},{"@type":"ListItem","position":2,"name":"CERP BELGIUM, une offre de services compl\u00e8te pour le d\u00e9veloppement de l&rsquo;officine !","item":"https:\/\/www.cerp.be\/fr\/"},{"@type":"ListItem","position":3,"name":"Qui sommes nous ?"}]},{"@type":"WebSite","@id":"https:\/\/www.cerp.be\/fr\/#website","url":"https:\/\/www.cerp.be\/fr\/","name":"CERP Belgique","description":"","publisher":{"@id":"https:\/\/www.cerp.be\/fr\/#organization"},"alternateName":"CERPB","potentialAction":[{"@type":"SearchAction","target":{"@type":"EntryPoint","urlTemplate":"https:\/\/www.cerp.be\/fr\/?s={search_term_string}"},"query-input":{"@type":"PropertyValueSpecification","valueRequired":true,"valueName":"search_term_string"}}],"inLanguage":"fr-FR"},{"@type":"Organization","@id":"https:\/\/www.cerp.be\/fr\/#organization","name":"CERP Belgique","url":"https:\/\/www.cerp.be\/fr\/","logo":{"@type":"ImageObject","inLanguage":"fr-FR","@id":"https:\/\/www.cerp.be\/fr\/#\/schema\/logo\/image\/","url":"https:\/\/www.cerp.be\/app\/uploads\/2024\/06\/astera-fleur.svg","contentUrl":"https:\/\/www.cerp.be\/app\/uploads\/2024\/06\/astera-fleur.svg","width":"1024","height":"1024","caption":"CERP Belgique"},"image":{"@id":"https:\/\/www.cerp.be\/fr\/#\/schema\/logo\/image\/"}}]}},"_links":{"self":[{"href":"https:\/\/www.cerp.be\/fr\/wp-json\/wp\/v2\/pages\/894","targetHints":{"allow":["GET"]}}],"collection":[{"href":"https:\/\/www.cerp.be\/fr\/wp-json\/wp\/v2\/pages"}],"about":[{"href":"https:\/\/www.cerp.be\/fr\/wp-json\/wp\/v2\/types\/page"}],"author":[{"embeddable":true,"href":"https:\/\/www.cerp.be\/fr\/wp-json\/wp\/v2\/users\/5"}],"replies":[{"embeddable":true,"href":"https:\/\/www.cerp.be\/fr\/wp-json\/wp\/v2\/comments?post=894"}],"version-history":[{"count":65,"href":"https:\/\/www.cerp.be\/fr\/wp-json\/wp\/v2\/pages\/894\/revisions"}],"predecessor-version":[{"id":1330,"href":"https:\/\/www.cerp.be\/fr\/wp-json\/wp\/v2\/pages\/894\/revisions\/1330"}],"up":[{"embeddable":true,"href":"https:\/\/www.cerp.be\/fr\/wp-json\/wp\/v2\/pages\/2"}],"wp:attachment":[{"href":"https:\/\/www.cerp.be\/fr\/wp-json\/wp\/v2\/media?parent=894"}],"curies":[{"name":"wp","href":"https:\/\/api.w.org\/{rel}","templated":true}]}}