{"id":2,"date":"2024-05-17T07:25:21","date_gmt":"2024-05-17T07:25:21","guid":{"rendered":"https:\/\/www.cerp.be\/?page_id=2"},"modified":"2025-10-02T09:58:56","modified_gmt":"2025-10-02T07:58:56","slug":"cerp-une-offre-de-services-complete","status":"publish","type":"page","link":"https:\/\/www.cerp.be\/fr\/","title":{"rendered":"CERP BELGIUM, une offre de services compl\u00e8te pour le d\u00e9veloppement de l&rsquo;officine !"},"content":{"rendered":"\n<section class=\"wp-block-group container is-vertical is-layout-flex wp-container-core-group-is-layout-fe9cc265 wp-block-group-is-layout-flex\">\n<div style=\"height:0px\" aria-hidden=\"true\" class=\"wp-block-spacer wp-container-content-8af585c5\"><\/div>\n\n\n\n<h2 class=\"wp-block-heading\"><em>Des offres, des services pour des solutions partag\u00e9es.<\/em><\/h2>\n\n\n\n<div style=\"height:0px\" aria-hidden=\"true\" class=\"wp-block-spacer wp-container-content-8af585c5\"><\/div>\n\n\n\n<h3 class=\"wp-block-heading h1\">Nos solutions<\/h3>\n\n\n\n<div class=\"wp-block-group bloc-solution is-layout-constrained wp-block-group-is-layout-constrained\">\n<p>CERP BELGIUM \u00e0 mes c\u00f4t\u00e9s <strong>chaque jour<\/strong><\/p>\n\n\n\n<div class=\"wp-block-group is-content-justification-space-between is-layout-flex wp-container-core-group-is-layout-9366075c wp-block-group-is-layout-flex\">\n<figure class=\"wp-block-image size-large is-resized faciliter  style-svg no-lazy\"><a href=\"https:\/\/www.cerp.be\/fr\/nos-solutions\/faciliter-mon-quotidien\/\"><img loading=\"lazy\" decoding=\"async\"  alt=\"Faciliter mon quotidien\" class=\"wp-image-102\" style=\"object-fit:cover;width:496px;height:115px\" width=\"496\" height=\"115\" data-lazy-src=\"https:\/\/www.cerp.be\/uploads\/2024\/05\/faciliter-white.svg\" src=\"data:image\/gif;base64,R0lGODlhAQABAIAAAAAAAP\/\/\/ywAAAAAAQABAAACAUwAOw==\" \/><\/a><\/figure>\n\n\n\n<figure class=\"wp-block-image size-large is-resized digitaliser style-svg no-lazy\"><a href=\"https:\/\/www.cerp.be\/fr\/nos-solutions\/digitaliser-mon-officine\/\"><img loading=\"lazy\" decoding=\"async\"  alt=\"Digitaliser mon officine\" class=\"wp-image-104\" style=\"object-fit:cover;width:496px;height:115px\" width=\"496\" height=\"115\" data-lazy-src=\"https:\/\/www.cerp.be\/uploads\/2024\/05\/digitaliser-white.svg\" src=\"data:image\/gif;base64,R0lGODlhAQABAIAAAAAAAP\/\/\/ywAAAAAAQABAAACAUwAOw==\" \/><\/a><\/figure>\n<\/div>\n\n\n\n<p>CERP BELGIUM \u00e0 mes c\u00f4t\u00e9s <strong>toujours<\/strong><\/p>\n\n\n\n<div class=\"wp-block-group is-content-justification-space-between is-layout-flex wp-container-core-group-is-layout-9366075c wp-block-group-is-layout-flex\">\n<figure class=\"wp-block-image size-large is-resized reussir style-svg\"><a href=\"https:\/\/www.cerp.be\/fr\/nos-solutions\/reussir-mes-projets\/\"><img loading=\"lazy\" decoding=\"async\"  alt=\"R\u00e9ussir mes projets\" class=\"wp-image-103\" style=\"object-fit:cover;width:496px;height:115px\" width=\"496\" height=\"115\" data-lazy-src=\"https:\/\/www.cerp.be\/uploads\/2024\/05\/reussir-white.svg\" src=\"data:image\/gif;base64,R0lGODlhAQABAIAAAAAAAP\/\/\/ywAAAAAAQABAAACAUwAOw==\" \/><\/a><\/figure>\n\n\n\n<figure class=\"wp-block-image size-large is-resized developper style-svg\"><a href=\"https:\/\/www.cerp.be\/fr\/nos-solutions\/developper-mes-performances\/\"><img loading=\"lazy\" decoding=\"async\"  alt=\"D\u00e9velopper mes performances\" class=\"wp-image-105\" style=\"object-fit:cover;width:496px;height:115px\" width=\"496\" height=\"115\" data-lazy-src=\"https:\/\/www.cerp.be\/uploads\/2024\/05\/developper-white.svg\" src=\"data:image\/gif;base64,R0lGODlhAQABAIAAAAAAAP\/\/\/ywAAAAAAQABAAACAUwAOw==\" \/><\/a><\/figure>\n<\/div>\n<\/div>\n<\/section>\n\n\n\n<aside class=\"wp-block-group bloc-qui-sommes-nous has-white-color has-primary-background-color has-text-color has-background has-link-color wp-elements-befdf1f8836f1315476acec3e986db8c is-layout-constrained wp-block-group-is-layout-constrained\">\n<h2 class=\"wp-block-heading has-text-align-center container h1\">Qui sommes-nous&nbsp;?<\/h2>\n\n\n\n<hr class=\"wp-block-separator has-alpha-channel-opacity horizontal-connector\"\/>\n\n\n\n<h3 class=\"wp-block-heading has-text-align-center container\">CERP BELGIUM, la proximit\u00e9 au service du pharmacien<\/h3>\n\n\n\n<p class=\"has-text-align-center container\">Filiale de la soci\u00e9t\u00e9 fran\u00e7aise CERP, CERP BELGIUM est un grossiste r\u00e9partiteur, acteur cl\u00e9 dans la cha\u00eene de distribution pharmaceutique en Belgique.<\/p>\n\n\n\n<p class=\"has-text-align-center container\">L\u2019esprit coop\u00e9ratif se trouve au centre de notre fonctionnement<em>.<\/em><\/p>\n\n\n\n<div class=\"wp-block-buttons container is-content-justification-center is-layout-flex wp-container-core-buttons-is-layout-a89b3969 wp-block-buttons-is-layout-flex\">\n<div class=\"wp-block-button\"><a class=\"wp-block-button__link has-text-align-center wp-element-button\" href=\"https:\/\/www.cerp.be\/fr\/qui-sommes-nous\/\">D\u00e9couvrez CERP BELGIUM<\/a><\/div>\n<\/div>\n<\/aside>\n\n\n\n<section class=\"wp-block-group bloc-actus is-layout-constrained wp-block-group-is-layout-constrained\">\n<h2 class=\"wp-block-heading has-text-align-center container container-actus\">Actualit\u00e9s<\/h2>\n\n\n\n<section class=\"wp-block-query container is-layout-flow wp-block-query-is-layout-flow\"><ul class=\"wp-block-post-template is-layout-flow wp-block-post-template-is-layout-flow\"><li class=\"wp-block-post post-1333 post type-post status-publish format-standard has-post-thumbnail hentry category-non-classifiee\">\n\n<div class=\"wp-block-group alignwide is-vertical is-layout-flex wp-container-core-group-is-layout-fe9cc265 wp-block-group-is-layout-flex\"><figure class=\"wp-block-post-featured-image\"><a href=\"https:\/\/www.cerp.be\/fr\/cerp-tournai-une-nouvelle-agence-pour-2026\/\" target=\"_self\"  ><img loading=\"lazy\" decoding=\"async\" width=\"1080\" height=\"1080\" data-lazy-src=\"https:\/\/www.cerp.be\/uploads\/2026\/01\/Agence-de-Tournai.png\" src=\"data:image\/gif;base64,R0lGODlhAQABAIAAAAAAAP\/\/\/ywAAAAAAQABAAACAUwAOw==\" class=\"attachment-post-thumbnail size-post-thumbnail wp-post-image\" alt=\"CERP Tournai : une nouvelle agence pour 2026\" style=\"object-fit:cover;\" data-lazy-srcset=\"https:\/\/www.cerp.be\/uploads\/2026\/01\/Agence-de-Tournai.png 1080w, https:\/\/www.cerp.be\/uploads\/2026\/01\/Agence-de-Tournai-300x300.png 300w, https:\/\/www.cerp.be\/uploads\/2026\/01\/Agence-de-Tournai-1024x1024.png 1024w, https:\/\/www.cerp.be\/uploads\/2026\/01\/Agence-de-Tournai-150x150.png 150w, https:\/\/www.cerp.be\/uploads\/2026\/01\/Agence-de-Tournai-768x768.png 768w\" sizes=\"auto, (max-width: 1080px) 100vw, 1080px\" \/><\/a><\/figure>\n\n\n<div class=\"wp-block-group extrait is-layout-constrained wp-block-group-is-layout-constrained\"><h3 class=\"wp-block-post-title\"><a href=\"https:\/\/www.cerp.be\/fr\/cerp-tournai-une-nouvelle-agence-pour-2026\/\" target=\"_self\" >CERP Tournai : une nouvelle agence pour 2026<\/a><\/h3>\n\n<div class=\"wp-block-post-excerpt\"><p class=\"wp-block-post-excerpt__excerpt\">Nous avons le plaisir de vous annoncer le lancement officiel du chantier de notre future agence de Tournai, situ\u00e9e \u00e0 Frasnes-lez-Anvaing.Les travaux ont d\u00e9but\u00e9 d\u00e9but septembre et l\u2019ouverture de cette nouvelle implantation est pr\u00e9vue pour la fin de l\u2019\u00e9t\u00e9 2026.Nous remercions chaleureusement nos clients pour leur confiance, qui rend possible cet investissement essentiel pour l\u2019avenir<\/p><p class=\"wp-block-post-excerpt__more-text\"><a class=\"wp-block-post-excerpt__more-link\" href=\"https:\/\/www.cerp.be\/fr\/cerp-tournai-une-nouvelle-agence-pour-2026\/\">Lire l&rsquo;article<\/a><\/p><\/div><\/div>\n<\/div>\n\n<\/li><li class=\"wp-block-post post-1250 post type-post status-publish format-standard has-post-thumbnail hentry category-non-classifiee\">\n\n<div class=\"wp-block-group alignwide is-vertical is-layout-flex wp-container-core-group-is-layout-fe9cc265 wp-block-group-is-layout-flex\"><figure class=\"wp-block-post-featured-image\"><a href=\"https:\/\/www.cerp.be\/fr\/cerp-en-belgique-devient-cerp-belgium\/\" target=\"_self\"  ><img loading=\"lazy\" decoding=\"async\" width=\"1080\" height=\"1080\" data-lazy-src=\"https:\/\/www.cerp.be\/uploads\/2025\/10\/LOGO-1080x1080-1.png\" src=\"data:image\/gif;base64,R0lGODlhAQABAIAAAAAAAP\/\/\/ywAAAAAAQABAAACAUwAOw==\" class=\"attachment-post-thumbnail size-post-thumbnail wp-post-image\" alt=\"CERP en Belgique devient CERP BELGIUM\" style=\"object-fit:cover;\" data-lazy-srcset=\"https:\/\/www.cerp.be\/uploads\/2025\/10\/LOGO-1080x1080-1.png 1080w, https:\/\/www.cerp.be\/uploads\/2025\/10\/LOGO-1080x1080-1-300x300.png 300w, https:\/\/www.cerp.be\/uploads\/2025\/10\/LOGO-1080x1080-1-1024x1024.png 1024w, https:\/\/www.cerp.be\/uploads\/2025\/10\/LOGO-1080x1080-1-150x150.png 150w, https:\/\/www.cerp.be\/uploads\/2025\/10\/LOGO-1080x1080-1-768x768.png 768w\" sizes=\"auto, (max-width: 1080px) 100vw, 1080px\" \/><\/a><\/figure>\n\n\n<div class=\"wp-block-group extrait is-layout-constrained wp-block-group-is-layout-constrained\"><h3 class=\"wp-block-post-title\"><a href=\"https:\/\/www.cerp.be\/fr\/cerp-en-belgique-devient-cerp-belgium\/\" target=\"_self\" >CERP en Belgique devient CERP BELGIUM<\/a><\/h3>\n\n<div class=\"wp-block-post-excerpt\"><p class=\"wp-block-post-excerpt__excerpt\">\ud83c\udf89 Nouvelle identit\u00e9, m\u00eame engagement ! CERP en Belgique devient CERP BELGIUM et adopte une nouvelle identit\u00e9 visuelle, en harmonie avec CERP en France.Un logo repens\u00e9, une ambition commune, et toujours les m\u00eames valeurs : proximit\u00e9, ind\u00e9pendance, transparence. \ud83d\udca1 Pourquoi \u00ab\u00a0CERP BELGIUM\u00a0\u00bb ?Pour refl\u00e9ter la r\u00e9alit\u00e9 bilingue de notre pays et renforcer notre ancrage europ\u00e9en.<\/p><p class=\"wp-block-post-excerpt__more-text\"><a class=\"wp-block-post-excerpt__more-link\" href=\"https:\/\/www.cerp.be\/fr\/cerp-en-belgique-devient-cerp-belgium\/\">Lire l&rsquo;article<\/a><\/p><\/div><\/div>\n<\/div>\n\n<\/li><li class=\"wp-block-post post-1225 post type-post status-publish format-standard has-post-thumbnail hentry category-non-classifiee\">\n\n<div class=\"wp-block-group alignwide is-vertical is-layout-flex wp-container-core-group-is-layout-fe9cc265 wp-block-group-is-layout-flex\"><figure class=\"wp-block-post-featured-image\"><a href=\"https:\/\/www.cerp.be\/fr\/changement-du-tarif-des-produits-pharmaceutiques-a-partir-du-1er-septembre-2025\/\" target=\"_self\"  ><img loading=\"lazy\" decoding=\"async\" width=\"675\" height=\"675\" data-lazy-src=\"https:\/\/www.cerp.be\/uploads\/2025\/08\/Actu-prix-1.png\" src=\"data:image\/gif;base64,R0lGODlhAQABAIAAAAAAAP\/\/\/ywAAAAAAQABAAACAUwAOw==\" class=\"attachment-post-thumbnail size-post-thumbnail wp-post-image\" alt=\"Changement du Tarif des Produits Pharmaceutiques\" style=\"object-fit:cover;\" data-lazy-srcset=\"https:\/\/www.cerp.be\/uploads\/2025\/08\/Actu-prix-1.png 675w, https:\/\/www.cerp.be\/uploads\/2025\/08\/Actu-prix-1-300x300.png 300w, https:\/\/www.cerp.be\/uploads\/2025\/08\/Actu-prix-1-150x150.png 150w\" sizes=\"auto, (max-width: 675px) 100vw, 675px\" \/><\/a><\/figure>\n\n\n<div class=\"wp-block-group extrait is-layout-constrained wp-block-group-is-layout-constrained\"><h3 class=\"wp-block-post-title\"><a href=\"https:\/\/www.cerp.be\/fr\/changement-du-tarif-des-produits-pharmaceutiques-a-partir-du-1er-septembre-2025\/\" target=\"_self\" >Changement du Tarif des Produits Pharmaceutiques<\/a><\/h3>\n\n<div class=\"wp-block-post-excerpt\"><p class=\"wp-block-post-excerpt__excerpt\">A partir du 1er septembre 2025, les prix publics indicatifs pour les produits non r\u00e9glement\u00e9s, tels que les compl\u00e9ments alimentaires et les cosm\u00e9tiques, ne seront plus affich\u00e9s. Les pharmaciens pourront fixer librement les prix de ces produits en fonction de leur co\u00fbt d&rsquo;achat et de la marge souhait\u00e9e. Produits concern\u00e9s :\u2022 Les m\u00e9dicaments, remboursables ou<\/p><p class=\"wp-block-post-excerpt__more-text\"><a class=\"wp-block-post-excerpt__more-link\" href=\"https:\/\/www.cerp.be\/fr\/changement-du-tarif-des-produits-pharmaceutiques-a-partir-du-1er-septembre-2025\/\">Lire l&rsquo;article<\/a><\/p><\/div><\/div>\n<\/div>\n\n<\/li><li class=\"wp-block-post post-1152 post type-post status-publish format-standard has-post-thumbnail hentry category-non-classifiee\">\n\n<div class=\"wp-block-group alignwide is-vertical is-layout-flex wp-container-core-group-is-layout-fe9cc265 wp-block-group-is-layout-flex\"><figure class=\"wp-block-post-featured-image\"><a href=\"https:\/\/www.cerp.be\/fr\/notre-departement-sad-change-de-nom-et-devient-cerp-care\/\" target=\"_self\"  ><img loading=\"lazy\" decoding=\"async\" width=\"1080\" height=\"1080\" data-lazy-src=\"https:\/\/www.cerp.be\/uploads\/2024\/10\/Decouvrez.png\" src=\"data:image\/gif;base64,R0lGODlhAQABAIAAAAAAAP\/\/\/ywAAAAAAQABAAACAUwAOw==\" class=\"attachment-post-thumbnail size-post-thumbnail wp-post-image\" alt=\"Notre d\u00e9partement SAD change de nom et devient CERP CARE\" style=\"object-fit:cover;\" data-lazy-srcset=\"https:\/\/www.cerp.be\/uploads\/2024\/10\/Decouvrez.png 1080w, https:\/\/www.cerp.be\/uploads\/2024\/10\/Decouvrez-300x300.png 300w, https:\/\/www.cerp.be\/uploads\/2024\/10\/Decouvrez-1024x1024.png 1024w, https:\/\/www.cerp.be\/uploads\/2024\/10\/Decouvrez-150x150.png 150w, https:\/\/www.cerp.be\/uploads\/2024\/10\/Decouvrez-768x768.png 768w\" sizes=\"auto, (max-width: 1080px) 100vw, 1080px\" \/><\/a><\/figure>\n\n\n<div class=\"wp-block-group extrait is-layout-constrained wp-block-group-is-layout-constrained\"><h3 class=\"wp-block-post-title\"><a href=\"https:\/\/www.cerp.be\/fr\/notre-departement-sad-change-de-nom-et-devient-cerp-care\/\" target=\"_self\" >Notre d\u00e9partement SAD change de nom et devient CERP CARE<\/a><\/h3>\n\n<div class=\"wp-block-post-excerpt\"><p class=\"wp-block-post-excerpt__excerpt\">Ce changement de nom cristallise notre volont\u00e9 de nous adapter \u00e0 un march\u00e9 en pleine \u00e9volution, de r\u00e9affirmer notre engagement continu \u00e0 am\u00e9liorer nos services pour rencontrer les attentes de nos clients pharmaciens et leur offrir de nouvelles opportunit\u00e9s au sein de leur officine. CERP CARE symbolise notre souhait de valoriser le r\u00f4le de proximit\u00e9,<\/p><p class=\"wp-block-post-excerpt__more-text\"><a class=\"wp-block-post-excerpt__more-link\" href=\"https:\/\/www.cerp.be\/fr\/notre-departement-sad-change-de-nom-et-devient-cerp-care\/\">Lire l&rsquo;article<\/a><\/p><\/div><\/div>\n<\/div>\n\n<\/li><\/ul><\/section>\n\n\n\n<p class=\"container\"><a href=\"https:\/\/www.cerp.be\/fr\/actualites\/\" data-type=\"page\" data-id=\"74\">Plus d&rsquo;actualit\u00e9s<\/a><\/p>\n<\/section>\n","protected":false},"excerpt":{"rendered":"<p>Des offres, des services pour des solutions partag\u00e9es. Nos solutions<\/p>\n","protected":false},"author":4,"featured_media":0,"parent":0,"menu_order":0,"comment_status":"closed","ping_status":"closed","template":"","meta":{"_acf_changed":false,"inline_featured_image":false,"footnotes":""},"class_list":["post-2","page","type-page","status-publish","hentry"],"acf":[],"yoast_head":"<!-- This site is optimized with the Yoast SEO plugin v27.4 - https:\/\/yoast.com\/product\/yoast-seo-wordpress\/ -->\n<title>CERP, la proximit\u00e9 au service du pharmacien<\/title>\n<meta name=\"description\" content=\"CERP Belgique - Des offres et des services pour le d\u00e9veloppement de mon officine\" \/>\n<meta name=\"robots\" content=\"index, follow, max-snippet:-1, max-image-preview:large, max-video-preview:-1\" \/>\n<link rel=\"canonical\" href=\"https:\/\/www.cerp.be\/fr\/\" \/>\n<meta property=\"og:locale\" content=\"fr_FR\" \/>\n<meta property=\"og:type\" content=\"article\" \/>\n<meta property=\"og:title\" content=\"CERP, la proximit\u00e9 au service du pharmacien\" \/>\n<meta property=\"og:description\" content=\"CERP Belgique - Des offres et des services pour le d\u00e9veloppement de mon officine\" \/>\n<meta property=\"og:url\" content=\"https:\/\/www.cerp.be\/fr\/\" \/>\n<meta property=\"og:site_name\" content=\"CERP Belgique\" \/>\n<meta property=\"article:modified_time\" content=\"2025-10-02T07:58:56+00:00\" \/>\n<meta name=\"twitter:card\" content=\"summary_large_image\" \/>\n<meta name=\"twitter:label1\" content=\"Est. reading time\" \/>\n\t<meta name=\"twitter:data1\" content=\"1 minute\" \/>\n<script type=\"application\/ld+json\" class=\"yoast-schema-graph\">{\"@context\":\"https:\\\/\\\/schema.org\",\"@graph\":[{\"@type\":\"WebPage\",\"@id\":\"https:\\\/\\\/www.cerp.be\\\/fr\\\/\",\"url\":\"https:\\\/\\\/www.cerp.be\\\/fr\\\/\",\"name\":\"CERP, la proximit\u00e9 au service du pharmacien\",\"isPartOf\":{\"@id\":\"https:\\\/\\\/www.cerp.be\\\/fr\\\/#website\"},\"datePublished\":\"2024-05-17T07:25:21+00:00\",\"dateModified\":\"2025-10-02T07:58:56+00:00\",\"description\":\"CERP Belgique - Des offres et des services pour le d\u00e9veloppement de mon officine\",\"breadcrumb\":{\"@id\":\"https:\\\/\\\/www.cerp.be\\\/fr\\\/#breadcrumb\"},\"inLanguage\":\"fr-FR\",\"potentialAction\":[{\"@type\":\"ReadAction\",\"target\":[\"https:\\\/\\\/www.cerp.be\\\/fr\\\/\"]}]},{\"@type\":\"BreadcrumbList\",\"@id\":\"https:\\\/\\\/www.cerp.be\\\/fr\\\/#breadcrumb\",\"itemListElement\":[{\"@type\":\"ListItem\",\"position\":1,\"name\":\"Home\",\"item\":\"https:\\\/\\\/www.cerp.be\\\/fr\\\/\"},{\"@type\":\"ListItem\",\"position\":2,\"name\":\"CERP BELGIUM, une offre de services compl\u00e8te pour le d\u00e9veloppement de l&rsquo;officine !\"}]},{\"@type\":\"WebSite\",\"@id\":\"https:\\\/\\\/www.cerp.be\\\/fr\\\/#website\",\"url\":\"https:\\\/\\\/www.cerp.be\\\/fr\\\/\",\"name\":\"CERP Belgique\",\"description\":\"\",\"publisher\":{\"@id\":\"https:\\\/\\\/www.cerp.be\\\/fr\\\/#organization\"},\"alternateName\":\"CERPB\",\"potentialAction\":[{\"@type\":\"SearchAction\",\"target\":{\"@type\":\"EntryPoint\",\"urlTemplate\":\"https:\\\/\\\/www.cerp.be\\\/fr\\\/?s={search_term_string}\"},\"query-input\":{\"@type\":\"PropertyValueSpecification\",\"valueRequired\":true,\"valueName\":\"search_term_string\"}}],\"inLanguage\":\"fr-FR\"},{\"@type\":\"Organization\",\"@id\":\"https:\\\/\\\/www.cerp.be\\\/fr\\\/#organization\",\"name\":\"CERP Belgique\",\"url\":\"https:\\\/\\\/www.cerp.be\\\/fr\\\/\",\"logo\":{\"@type\":\"ImageObject\",\"inLanguage\":\"fr-FR\",\"@id\":\"https:\\\/\\\/www.cerp.be\\\/fr\\\/#\\\/schema\\\/logo\\\/image\\\/\",\"url\":\"https:\\\/\\\/www.cerp.be\\\/app\\\/uploads\\\/2024\\\/06\\\/astera-fleur.svg\",\"contentUrl\":\"https:\\\/\\\/www.cerp.be\\\/app\\\/uploads\\\/2024\\\/06\\\/astera-fleur.svg\",\"width\":\"1024\",\"height\":\"1024\",\"caption\":\"CERP Belgique\"},\"image\":{\"@id\":\"https:\\\/\\\/www.cerp.be\\\/fr\\\/#\\\/schema\\\/logo\\\/image\\\/\"}}]}<\/script>\n<!-- \/ Yoast SEO plugin. -->","yoast_head_json":{"title":"CERP, la proximit\u00e9 au service du pharmacien","description":"CERP Belgique - Des offres et des services pour le d\u00e9veloppement de mon officine","robots":{"index":"index","follow":"follow","max-snippet":"max-snippet:-1","max-image-preview":"max-image-preview:large","max-video-preview":"max-video-preview:-1"},"canonical":"https:\/\/www.cerp.be\/fr\/","og_locale":"fr_FR","og_type":"article","og_title":"CERP, la proximit\u00e9 au service du pharmacien","og_description":"CERP Belgique - Des offres et des services pour le d\u00e9veloppement de mon officine","og_url":"https:\/\/www.cerp.be\/fr\/","og_site_name":"CERP Belgique","article_modified_time":"2025-10-02T07:58:56+00:00","twitter_card":"summary_large_image","twitter_misc":{"Est. reading time":"1 minute"},"schema":{"@context":"https:\/\/schema.org","@graph":[{"@type":"WebPage","@id":"https:\/\/www.cerp.be\/fr\/","url":"https:\/\/www.cerp.be\/fr\/","name":"CERP, la proximit\u00e9 au service du pharmacien","isPartOf":{"@id":"https:\/\/www.cerp.be\/fr\/#website"},"datePublished":"2024-05-17T07:25:21+00:00","dateModified":"2025-10-02T07:58:56+00:00","description":"CERP Belgique - Des offres et des services pour le d\u00e9veloppement de mon officine","breadcrumb":{"@id":"https:\/\/www.cerp.be\/fr\/#breadcrumb"},"inLanguage":"fr-FR","potentialAction":[{"@type":"ReadAction","target":["https:\/\/www.cerp.be\/fr\/"]}]},{"@type":"BreadcrumbList","@id":"https:\/\/www.cerp.be\/fr\/#breadcrumb","itemListElement":[{"@type":"ListItem","position":1,"name":"Home","item":"https:\/\/www.cerp.be\/fr\/"},{"@type":"ListItem","position":2,"name":"CERP BELGIUM, une offre de services compl\u00e8te pour le d\u00e9veloppement de l&rsquo;officine !"}]},{"@type":"WebSite","@id":"https:\/\/www.cerp.be\/fr\/#website","url":"https:\/\/www.cerp.be\/fr\/","name":"CERP Belgique","description":"","publisher":{"@id":"https:\/\/www.cerp.be\/fr\/#organization"},"alternateName":"CERPB","potentialAction":[{"@type":"SearchAction","target":{"@type":"EntryPoint","urlTemplate":"https:\/\/www.cerp.be\/fr\/?s={search_term_string}"},"query-input":{"@type":"PropertyValueSpecification","valueRequired":true,"valueName":"search_term_string"}}],"inLanguage":"fr-FR"},{"@type":"Organization","@id":"https:\/\/www.cerp.be\/fr\/#organization","name":"CERP Belgique","url":"https:\/\/www.cerp.be\/fr\/","logo":{"@type":"ImageObject","inLanguage":"fr-FR","@id":"https:\/\/www.cerp.be\/fr\/#\/schema\/logo\/image\/","url":"https:\/\/www.cerp.be\/app\/uploads\/2024\/06\/astera-fleur.svg","contentUrl":"https:\/\/www.cerp.be\/app\/uploads\/2024\/06\/astera-fleur.svg","width":"1024","height":"1024","caption":"CERP Belgique"},"image":{"@id":"https:\/\/www.cerp.be\/fr\/#\/schema\/logo\/image\/"}}]}},"_links":{"self":[{"href":"https:\/\/www.cerp.be\/fr\/wp-json\/wp\/v2\/pages\/2","targetHints":{"allow":["GET"]}}],"collection":[{"href":"https:\/\/www.cerp.be\/fr\/wp-json\/wp\/v2\/pages"}],"about":[{"href":"https:\/\/www.cerp.be\/fr\/wp-json\/wp\/v2\/types\/page"}],"author":[{"embeddable":true,"href":"https:\/\/www.cerp.be\/fr\/wp-json\/wp\/v2\/users\/4"}],"replies":[{"embeddable":true,"href":"https:\/\/www.cerp.be\/fr\/wp-json\/wp\/v2\/comments?post=2"}],"version-history":[{"count":37,"href":"https:\/\/www.cerp.be\/fr\/wp-json\/wp\/v2\/pages\/2\/revisions"}],"predecessor-version":[{"id":1291,"href":"https:\/\/www.cerp.be\/fr\/wp-json\/wp\/v2\/pages\/2\/revisions\/1291"}],"wp:attachment":[{"href":"https:\/\/www.cerp.be\/fr\/wp-json\/wp\/v2\/media?parent=2"}],"curies":[{"name":"wp","href":"https:\/\/api.w.org\/{rel}","templated":true}]}}